{"id":5457,"date":"2023-12-11T09:30:39","date_gmt":"2023-12-11T09:30:39","guid":{"rendered":"https:\/\/www.zevadenim.com\/?post_type=product&#038;p=5457"},"modified":"2023-12-11T09:30:39","modified_gmt":"2023-12-11T09:30:39","slug":"11oz-vintage-slub-medium-stretch-jeans-fabric-for-men","status":"publish","type":"product","link":"https:\/\/www.zevadenim.com\/vi\/product\/11oz-vintage-slub-medium-stretch-jeans-fabric-for-men\/","title":{"rendered":"V\u1ea3i Jeans Co Gi\u00e3n Trung B\u00ecnh 11oz &amp; Vintage Slub D\u00e0nh Cho Nam"},"content":{"rendered":"","protected":false},"excerpt":{"rendered":"","protected":false},"featured_media":5462,"template":"","meta":{"_acf_changed":false},"product_categories":[20,55],"class_list":["post-5457","product","type-product","status-publish","has-post-thumbnail","hentry","product_categories-classic-slub-crosshatch-slub","product_categories-gents-jeans"],"acf":[],"aioseo_notices":[],"_links":{"self":[{"href":"https:\/\/www.zevadenim.com\/vi\/wp-json\/wp\/v2\/product\/5457","targetHints":{"allow":["GET"]}}],"collection":[{"href":"https:\/\/www.zevadenim.com\/vi\/wp-json\/wp\/v2\/product"}],"about":[{"href":"https:\/\/www.zevadenim.com\/vi\/wp-json\/wp\/v2\/types\/product"}],"wp:featuredmedia":[{"embeddable":true,"href":"https:\/\/www.zevadenim.com\/vi\/wp-json\/wp\/v2\/media\/5462"}],"wp:attachment":[{"href":"https:\/\/www.zevadenim.com\/vi\/wp-json\/wp\/v2\/media?parent=5457"}],"wp:term":[{"taxonomy":"product_categories","embeddable":true,"href":"https:\/\/www.zevadenim.com\/vi\/wp-json\/wp\/v2\/product_categories?post=5457"}],"curies":[{"name":"wp","href":"https:\/\/api.w.org\/{rel}","templated":true}]}}