{"id":5636,"date":"2023-12-22T12:48:38","date_gmt":"2023-12-22T12:48:38","guid":{"rendered":"https:\/\/www.zevadenim.com\/?post_type=product&#038;p=5636"},"modified":"2023-12-26T11:43:36","modified_gmt":"2023-12-26T11:43:36","slug":"10oz-premium-cotton-spandex-stretch-woven-denim-fabric","status":"publish","type":"product","link":"https:\/\/www.zevadenim.com\/fr\/product\/10oz-premium-cotton-spandex-stretch-woven-denim-fabric\/","title":{"rendered":"Tissu denim extensible en coton et \u00e9lasthanne de qualit\u00e9 sup\u00e9rieure 10 oz"},"content":{"rendered":"","protected":false},"excerpt":{"rendered":"","protected":false},"featured_media":5637,"template":"","meta":{"_acf_changed":false},"product_categories":[13,54],"class_list":["post-5636","product","type-product","status-publish","has-post-thumbnail","hentry","product_categories-high-stretch","product_categories-lady-jeans"],"acf":[],"aioseo_notices":[],"_links":{"self":[{"href":"https:\/\/www.zevadenim.com\/fr\/wp-json\/wp\/v2\/product\/5636","targetHints":{"allow":["GET"]}}],"collection":[{"href":"https:\/\/www.zevadenim.com\/fr\/wp-json\/wp\/v2\/product"}],"about":[{"href":"https:\/\/www.zevadenim.com\/fr\/wp-json\/wp\/v2\/types\/product"}],"wp:featuredmedia":[{"embeddable":true,"href":"https:\/\/www.zevadenim.com\/fr\/wp-json\/wp\/v2\/media\/5637"}],"wp:attachment":[{"href":"https:\/\/www.zevadenim.com\/fr\/wp-json\/wp\/v2\/media?parent=5636"}],"wp:term":[{"taxonomy":"product_categories","embeddable":true,"href":"https:\/\/www.zevadenim.com\/fr\/wp-json\/wp\/v2\/product_categories?post=5636"}],"curies":[{"name":"wp","href":"https:\/\/api.w.org\/{rel}","templated":true}]}}